{"id":3226,"date":"2023-03-25T15:52:00","date_gmt":"2023-03-25T15:52:00","guid":{"rendered":"http:\/\/efd.cybarworks.net\/?page_id=3226"},"modified":"2023-03-25T15:57:39","modified_gmt":"2023-03-25T15:57:39","slug":"language-access-plan-spanish","status":"publish","type":"page","link":"http:\/\/eloyfire.org\/?page_id=3226","title":{"rendered":"Language Access Plan Spanish"},"content":{"rendered":"\t\t<div data-elementor-type=\"wp-page\" data-elementor-id=\"3226\" class=\"elementor elementor-3226\">\n\t\t\t\t\t\t\t<div class=\"elementor-element elementor-element-7841917 e-con-boxed e-con\" data-id=\"7841917\" data-element_type=\"container\" data-settings=\"{&quot;content_width&quot;:&quot;boxed&quot;}\">\n\t\t\t\t\t<div class=\"e-con-inner\">\n\t\t\t\t<div class=\"elementor-element elementor-element-63006cf elementor-widget elementor-widget-heading\" data-id=\"63006cf\" data-element_type=\"widget\" data-widget_type=\"heading.default\">\n\t\t\t\t<div class=\"elementor-widget-container\">\n\t\t\t<style>\/*! elementor - v3.11.5 - 14-03-2023 *\/\n.elementor-heading-title{padding:0;margin:0;line-height:1}.elementor-widget-heading .elementor-heading-title[class*=elementor-size-]>a{color:inherit;font-size:inherit;line-height:inherit}.elementor-widget-heading .elementor-heading-title.elementor-size-small{font-size:15px}.elementor-widget-heading .elementor-heading-title.elementor-size-medium{font-size:19px}.elementor-widget-heading .elementor-heading-title.elementor-size-large{font-size:29px}.elementor-widget-heading .elementor-heading-title.elementor-size-xl{font-size:39px}.elementor-widget-heading .elementor-heading-title.elementor-size-xxl{font-size:59px}<\/style><h4 class=\"elementor-heading-title elementor-size-default\">DISTRITO de BOMBEROS de ELOY<\/h4>\t\t<\/div>\n\t\t\t\t<\/div>\n\t\t\t\t\t<\/div>\n\t\t\t\t<\/div>\n\t\t<div class=\"elementor-element elementor-element-a1cbe02 e-con-boxed e-con\" data-id=\"a1cbe02\" data-element_type=\"container\" data-settings=\"{&quot;content_width&quot;:&quot;boxed&quot;}\">\n\t\t\t\t\t<div class=\"e-con-inner\">\n\t\t\t\t<div class=\"elementor-element elementor-element-0eb2dd5 elementor-widget elementor-widget-spacer\" data-id=\"0eb2dd5\" data-element_type=\"widget\" data-widget_type=\"spacer.default\">\n\t\t\t\t<div class=\"elementor-widget-container\">\n\t\t\t<style>\/*! elementor - v3.11.5 - 14-03-2023 *\/\n.elementor-column .elementor-spacer-inner{height:var(--spacer-size)}.e-con{--container-widget-width:100%}.e-con-inner>.elementor-widget-spacer,.e-con>.elementor-widget-spacer{width:var(--container-widget-width,var(--spacer-size));--align-self:var(--container-widget-align-self,initial);--flex-shrink:0}.e-con-inner>.elementor-widget-spacer>.elementor-widget-container,.e-con-inner>.elementor-widget-spacer>.elementor-widget-container>.elementor-spacer,.e-con>.elementor-widget-spacer>.elementor-widget-container,.e-con>.elementor-widget-spacer>.elementor-widget-container>.elementor-spacer{height:100%}.e-con-inner>.elementor-widget-spacer>.elementor-widget-container>.elementor-spacer>.elementor-spacer-inner,.e-con>.elementor-widget-spacer>.elementor-widget-container>.elementor-spacer>.elementor-spacer-inner{height:var(--container-widget-height,var(--spacer-size))}<\/style>\t\t<div class=\"elementor-spacer\">\n\t\t\t<div class=\"elementor-spacer-inner\"><\/div>\n\t\t<\/div>\n\t\t\t\t<\/div>\n\t\t\t\t<\/div>\n\t\t\t\t<div class=\"elementor-element elementor-element-3b57ccf elementor-widget elementor-widget-heading\" data-id=\"3b57ccf\" data-element_type=\"widget\" data-widget_type=\"heading.default\">\n\t\t\t\t<div class=\"elementor-widget-container\">\n\t\t\t<h4 class=\"elementor-heading-title elementor-size-default\">PLAN de ACCESO AL IDIOMA\n\n<\/h4>\t\t<\/div>\n\t\t\t\t<\/div>\n\t\t\t\t\t<\/div>\n\t\t\t\t<\/div>\n\t\t<div class=\"elementor-element elementor-element-c24ac7c e-con-boxed e-con\" data-id=\"c24ac7c\" data-element_type=\"container\" data-settings=\"{&quot;content_width&quot;:&quot;boxed&quot;}\">\n\t\t\t\t\t<div class=\"e-con-inner\">\n\t\t\t\t<div class=\"elementor-element elementor-element-68bd7b3 elementor-widget elementor-widget-heading\" data-id=\"68bd7b3\" data-element_type=\"widget\" data-widget_type=\"heading.default\">\n\t\t\t\t<div class=\"elementor-widget-container\">\n\t\t\t<h4 class=\"elementor-heading-title elementor-size-default\">Objectivo\n\n<\/h4>\t\t<\/div>\n\t\t\t\t<\/div>\n\t\t\t\t<div class=\"elementor-element elementor-element-fee267a elementor-widget elementor-widget-spacer\" data-id=\"fee267a\" data-element_type=\"widget\" data-widget_type=\"spacer.default\">\n\t\t\t\t<div class=\"elementor-widget-container\">\n\t\t\t\t\t<div class=\"elementor-spacer\">\n\t\t\t<div class=\"elementor-spacer-inner\"><\/div>\n\t\t<\/div>\n\t\t\t\t<\/div>\n\t\t\t\t<\/div>\n\t\t\t\t<div class=\"elementor-element elementor-element-a407a43 elementor-widget elementor-widget-text-editor\" data-id=\"a407a43\" data-element_type=\"widget\" data-widget_type=\"text-editor.default\">\n\t\t\t\t<div class=\"elementor-widget-container\">\n\t\t\t<style>\/*! elementor - v3.11.5 - 14-03-2023 *\/\n.elementor-widget-text-editor.elementor-drop-cap-view-stacked .elementor-drop-cap{background-color:#818a91;color:#fff}.elementor-widget-text-editor.elementor-drop-cap-view-framed .elementor-drop-cap{color:#818a91;border:3px solid;background-color:transparent}.elementor-widget-text-editor:not(.elementor-drop-cap-view-default) .elementor-drop-cap{margin-top:8px}.elementor-widget-text-editor:not(.elementor-drop-cap-view-default) .elementor-drop-cap-letter{width:1em;height:1em}.elementor-widget-text-editor .elementor-drop-cap{float:left;text-align:center;line-height:1;font-size:50px}.elementor-widget-text-editor .elementor-drop-cap-letter{display:inline-block}<\/style>\t\t\t\t<p>El Distrito de Bomberos de Eloy ha desarrollado un Plan de Acceso al Idioma (LAP) para Personas Limitadas de Ingl\u00e9s (LEP).\u00a0 Este plan est\u00e1 destinado a proporcionar asistencia ling\u00fc\u00edstica a personas con dominio limitado del ingl\u00e9s que deseen acceder a los servicios proporcionados por el Distrito de Bomberos de Eloy.\u00a0 Esto incluye a las personas que no hablan ingl\u00e9s como su idioma principal y tienen una capacidad limitada para leer, hablar, escribir o entender ingl\u00e9s.<\/p><p>\u00a0<\/p><p>El T\u00edtulo VI de la Ley de Derechos Civiles de 1964 es la ley federal que protege a las personas de la discriminaci\u00f3n por motivos de raza, color o origen nacional en los programas que reciben asistencia financiera federal. En ciertas situaciones, el hecho de no garantizar que las personas que tienen un dominio limitado del ingl\u00e9s puedan participar efectivamente o beneficiarse de los programas con asistencia federal puede violar la prohibici\u00f3n del T\u00edtulo VI contra la discriminaci\u00f3n por origen nacional.<\/p><p>\u00a0<\/p><p>Personas que, como resultado de su origen nacional, no hablan ingl\u00e9s como idioma principal y que tienen una capacidad limitada para hablar, leer, escribir.<\/p>\t\t\t\t\t\t<\/div>\n\t\t\t\t<\/div>\n\t\t\t\t\t<\/div>\n\t\t\t\t<\/div>\n\t\t<div class=\"elementor-element elementor-element-3ed3d4a e-con-boxed e-con\" data-id=\"3ed3d4a\" data-element_type=\"container\" data-settings=\"{&quot;content_width&quot;:&quot;boxed&quot;}\">\n\t\t\t\t\t<div class=\"e-con-inner\">\n\t\t\t\t<div class=\"elementor-element elementor-element-f310c9f elementor-widget elementor-widget-spacer\" data-id=\"f310c9f\" data-element_type=\"widget\" data-widget_type=\"spacer.default\">\n\t\t\t\t<div class=\"elementor-widget-container\">\n\t\t\t\t\t<div class=\"elementor-spacer\">\n\t\t\t<div class=\"elementor-spacer-inner\"><\/div>\n\t\t<\/div>\n\t\t\t\t<\/div>\n\t\t\t\t<\/div>\n\t\t\t\t\t<\/div>\n\t\t\t\t<\/div>\n\t\t<div class=\"elementor-element elementor-element-aa49a04 e-con-boxed e-con\" data-id=\"aa49a04\" data-element_type=\"container\" data-settings=\"{&quot;content_width&quot;:&quot;boxed&quot;}\">\n\t\t\t\t\t<div class=\"e-con-inner\">\n\t\t\t\t<div class=\"elementor-element elementor-element-c76b856 elementor-widget elementor-widget-heading\" data-id=\"c76b856\" data-element_type=\"widget\" data-widget_type=\"heading.default\">\n\t\t\t\t<div class=\"elementor-widget-container\">\n\t\t\t<h4 class=\"elementor-heading-title elementor-size-default\">Poblaci\u00f3n Limitada con Dominio del Ingl\u00e9s\n\n<\/h4>\t\t<\/div>\n\t\t\t\t<\/div>\n\t\t\t\t<div class=\"elementor-element elementor-element-6bb532d elementor-widget elementor-widget-spacer\" data-id=\"6bb532d\" data-element_type=\"widget\" data-widget_type=\"spacer.default\">\n\t\t\t\t<div class=\"elementor-widget-container\">\n\t\t\t\t\t<div class=\"elementor-spacer\">\n\t\t\t<div class=\"elementor-spacer-inner\"><\/div>\n\t\t<\/div>\n\t\t\t\t<\/div>\n\t\t\t\t<\/div>\n\t\t\t\t\t<\/div>\n\t\t\t\t<\/div>\n\t\t<div class=\"elementor-element elementor-element-7ced3fd e-con-boxed e-con\" data-id=\"7ced3fd\" data-element_type=\"container\" data-settings=\"{&quot;content_width&quot;:&quot;boxed&quot;}\">\n\t\t\t\t\t<div class=\"e-con-inner\">\n\t\t\t\t<div class=\"elementor-element elementor-element-db3ea9a elementor-widget elementor-widget-text-editor\" data-id=\"db3ea9a\" data-element_type=\"widget\" data-widget_type=\"text-editor.default\">\n\t\t\t\t<div class=\"elementor-widget-container\">\n\t\t\t\t\t\t\t<p>Seg\u00fan las estimaciones de 5 a\u00f1os de la Encuesta de la Comunidad Estadounidense de la Oficina del Censo de los Estados Unidos para 2017-2021, aproximadamente el 38.5% de la poblaci\u00f3n de Eloy habla un idioma distinto al ingl\u00e9s.\u00a0 El 91% de este grupo habla espa\u00f1ol.\u00a0 Se estima que el 19,9% de la poblaci\u00f3n de Eloy habla ingl\u00e9s menos que \u201cmuy bien\u201d.\u00a0 El \u00e1rea de Eloy es el hogar de una gran instalaci\u00f3n privada para el Servicio de Inmigraci\u00f3n y Control de Aduanas de los Estados Unidos, donde los empleados est\u00e1n en contacto con personas que usan idiomas variados y diversos.<\/p>\t\t\t\t\t\t<\/div>\n\t\t\t\t<\/div>\n\t\t\t\t<div class=\"elementor-element elementor-element-e39dc5b elementor-widget elementor-widget-spacer\" data-id=\"e39dc5b\" data-element_type=\"widget\" data-widget_type=\"spacer.default\">\n\t\t\t\t<div class=\"elementor-widget-container\">\n\t\t\t\t\t<div class=\"elementor-spacer\">\n\t\t\t<div class=\"elementor-spacer-inner\"><\/div>\n\t\t<\/div>\n\t\t\t\t<\/div>\n\t\t\t\t<\/div>\n\t\t\t\t\t<\/div>\n\t\t\t\t<\/div>\n\t\t<div class=\"elementor-element elementor-element-37ad375 e-con-boxed e-con\" data-id=\"37ad375\" data-element_type=\"container\" data-settings=\"{&quot;content_width&quot;:&quot;boxed&quot;}\">\n\t\t\t\t\t<div class=\"e-con-inner\">\n\t\t\t\t<div class=\"elementor-element elementor-element-a6fd51a elementor-widget elementor-widget-heading\" data-id=\"a6fd51a\" data-element_type=\"widget\" data-widget_type=\"heading.default\">\n\t\t\t\t<div class=\"elementor-widget-container\">\n\t\t\t<h4 class=\"elementor-heading-title elementor-size-default\">Aviso a las Personas LEP\n\n<\/h4>\t\t<\/div>\n\t\t\t\t<\/div>\n\t\t\t\t<div class=\"elementor-element elementor-element-cc6ab85 elementor-widget elementor-widget-spacer\" data-id=\"cc6ab85\" data-element_type=\"widget\" data-widget_type=\"spacer.default\">\n\t\t\t\t<div class=\"elementor-widget-container\">\n\t\t\t\t\t<div class=\"elementor-spacer\">\n\t\t\t<div class=\"elementor-spacer-inner\"><\/div>\n\t\t<\/div>\n\t\t\t\t<\/div>\n\t\t\t\t<\/div>\n\t\t\t\t\t<\/div>\n\t\t\t\t<\/div>\n\t\t<div class=\"elementor-element elementor-element-c4216ab e-con-boxed e-con\" data-id=\"c4216ab\" data-element_type=\"container\" data-settings=\"{&quot;content_width&quot;:&quot;boxed&quot;}\">\n\t\t\t\t\t<div class=\"e-con-inner\">\n\t\t\t\t<div class=\"elementor-element elementor-element-7619fad elementor-widget elementor-widget-text-editor\" data-id=\"7619fad\" data-element_type=\"widget\" data-widget_type=\"text-editor.default\">\n\t\t\t\t<div class=\"elementor-widget-container\">\n\t\t\t\t\t\t\t<p>El Distrito de Bomberos de Eloy tomar\u00e1 las medidas apropiadas para informar a todas las personas interesadas de las disposiciones de esta pol\u00edtica. Este plan est\u00e1 disponible en espa\u00f1ol y se publicar\u00e1 en el sitio web del Distrito de Bomberos de Eloy.\u00a0 A una persona LEP se le proporcionar\u00e1n servicios cuando sea obvio, y tambi\u00e9n puede solicitar comunicaci\u00f3n en su idioma con su solicitud: en persona, por tel\u00e9fono, por fax, por correo electr\u00f3nico o por escrito.<\/p>\t\t\t\t\t\t<\/div>\n\t\t\t\t<\/div>\n\t\t\t\t<div class=\"elementor-element elementor-element-497dcfe elementor-widget elementor-widget-spacer\" data-id=\"497dcfe\" data-element_type=\"widget\" data-widget_type=\"spacer.default\">\n\t\t\t\t<div class=\"elementor-widget-container\">\n\t\t\t\t\t<div class=\"elementor-spacer\">\n\t\t\t<div class=\"elementor-spacer-inner\"><\/div>\n\t\t<\/div>\n\t\t\t\t<\/div>\n\t\t\t\t<\/div>\n\t\t\t\t\t<\/div>\n\t\t\t\t<\/div>\n\t\t<div class=\"elementor-element elementor-element-4090138 e-con-boxed e-con\" data-id=\"4090138\" data-element_type=\"container\" data-settings=\"{&quot;content_width&quot;:&quot;boxed&quot;}\">\n\t\t\t\t\t<div class=\"e-con-inner\">\n\t\t\t\t<div class=\"elementor-element elementor-element-e125090 elementor-widget elementor-widget-heading\" data-id=\"e125090\" data-element_type=\"widget\" data-widget_type=\"heading.default\">\n\t\t\t\t<div class=\"elementor-widget-container\">\n\t\t\t<h4 class=\"elementor-heading-title elementor-size-default\">Traducciones de documentos Vitales\n\n<\/h4>\t\t<\/div>\n\t\t\t\t<\/div>\n\t\t\t\t\t<\/div>\n\t\t\t\t<\/div>\n\t\t<div class=\"elementor-element elementor-element-21ad68c e-con-boxed e-con\" data-id=\"21ad68c\" data-element_type=\"container\" data-settings=\"{&quot;content_width&quot;:&quot;boxed&quot;}\">\n\t\t\t\t\t<div class=\"e-con-inner\">\n\t\t\t\t<div class=\"elementor-element elementor-element-4a8e325 elementor-widget elementor-widget-spacer\" data-id=\"4a8e325\" data-element_type=\"widget\" data-widget_type=\"spacer.default\">\n\t\t\t\t<div class=\"elementor-widget-container\">\n\t\t\t\t\t<div class=\"elementor-spacer\">\n\t\t\t<div class=\"elementor-spacer-inner\"><\/div>\n\t\t<\/div>\n\t\t\t\t<\/div>\n\t\t\t\t<\/div>\n\t\t\t\t\t<\/div>\n\t\t\t\t<\/div>\n\t\t<div class=\"elementor-element elementor-element-e26d9c4 e-con-boxed e-con\" data-id=\"e26d9c4\" data-element_type=\"container\" data-settings=\"{&quot;content_width&quot;:&quot;boxed&quot;}\">\n\t\t\t\t\t<div class=\"e-con-inner\">\n\t\t\t\t<div class=\"elementor-element elementor-element-043ceb6 elementor-widget elementor-widget-text-editor\" data-id=\"043ceb6\" data-element_type=\"widget\" data-widget_type=\"text-editor.default\">\n\t\t\t\t<div class=\"elementor-widget-container\">\n\t\t\t\t\t\t\t<p>Los documentos vitales se consideran cualquier notificaci\u00f3n que afecte directamente a las personas de la poblaci\u00f3n LEP.\u00a0 Esto podr\u00eda incluir: informes de incidentes, informes de inspecci\u00f3n, avisos de violaci\u00f3n o otros documentos similares.\u00a0 El Jefe de Bomberos revisar\u00e1 y determinar\u00e1 la clasificaci\u00f3n apropiada de los documentos.\u00a0 El Distrito de Bomberos de Eloy traducir\u00e1 sus Documentos Vitales para la poblaci\u00f3n LEP sin costo.<\/p>\t\t\t\t\t\t<\/div>\n\t\t\t\t<\/div>\n\t\t\t\t\t<\/div>\n\t\t\t\t<\/div>\n\t\t\t\t\t\t\t<\/div>\n\t\t","protected":false},"excerpt":{"rendered":"<p>DISTRITO de BOMBEROS de ELOY PLAN de ACCESO AL IDIOMA Objectivo El Distrito de Bomberos de Eloy ha desarrollado un Plan de Acceso al Idioma (LAP) para Personas Limitadas de Ingl\u00e9s (LEP).\u00a0 Este plan est\u00e1 destinado a proporcionar asistencia ling\u00fc\u00edstica a personas con dominio limitado del ingl\u00e9s que deseen acceder a los servicios proporcionados por [&hellip;]<\/p>\n","protected":false},"author":1,"featured_media":0,"parent":0,"menu_order":0,"comment_status":"closed","ping_status":"closed","template":"","meta":[],"_links":{"self":[{"href":"http:\/\/eloyfire.org\/index.php?rest_route=\/wp\/v2\/pages\/3226"}],"collection":[{"href":"http:\/\/eloyfire.org\/index.php?rest_route=\/wp\/v2\/pages"}],"about":[{"href":"http:\/\/eloyfire.org\/index.php?rest_route=\/wp\/v2\/types\/page"}],"author":[{"embeddable":true,"href":"http:\/\/eloyfire.org\/index.php?rest_route=\/wp\/v2\/users\/1"}],"replies":[{"embeddable":true,"href":"http:\/\/eloyfire.org\/index.php?rest_route=%2Fwp%2Fv2%2Fcomments&post=3226"}],"version-history":[{"count":16,"href":"http:\/\/eloyfire.org\/index.php?rest_route=\/wp\/v2\/pages\/3226\/revisions"}],"predecessor-version":[{"id":3242,"href":"http:\/\/eloyfire.org\/index.php?rest_route=\/wp\/v2\/pages\/3226\/revisions\/3242"}],"wp:attachment":[{"href":"http:\/\/eloyfire.org\/index.php?rest_route=%2Fwp%2Fv2%2Fmedia&parent=3226"}],"curies":[{"name":"wp","href":"https:\/\/api.w.org\/{rel}","templated":true}]}}